{"id":129,"date":"2023-03-07T15:49:18","date_gmt":"2023-03-07T14:49:18","guid":{"rendered":"https:\/\/redbrickdesignshop.cz\/index.php\/home\/"},"modified":"2025-12-19T14:42:23","modified_gmt":"2025-12-19T13:42:23","slug":"vitejte","status":"publish","type":"page","link":"https:\/\/redbrickdesignshop.cz\/","title":{"rendered":"V\u00edtejte u n\u00e1s!"},"content":{"rendered":"\n<div class=\"wp-block-media-text alignwide is-stacked-on-mobile\"><figure class=\"wp-block-media-text__media\"><img loading=\"lazy\" width=\"1024\" height=\"1024\" src=\"https:\/\/redbrickdesignshop.cz\/wp-content\/uploads\/2022\/08\/Miroslava-Szoradova-Klub-podnikatelek-Zlin-1024x1024.jpg\" alt=\"\" class=\"wp-image-19 size-full\" srcset=\"https:\/\/redbrickdesignshop.cz\/wp-content\/uploads\/2022\/08\/Miroslava-Szoradova-Klub-podnikatelek-Zlin-1024x1024.jpg 1024w, https:\/\/redbrickdesignshop.cz\/wp-content\/uploads\/2022\/08\/Miroslava-Szoradova-Klub-podnikatelek-Zlin-300x300.jpg 300w, https:\/\/redbrickdesignshop.cz\/wp-content\/uploads\/2022\/08\/Miroslava-Szoradova-Klub-podnikatelek-Zlin-150x150.jpg 150w, https:\/\/redbrickdesignshop.cz\/wp-content\/uploads\/2022\/08\/Miroslava-Szoradova-Klub-podnikatelek-Zlin-768x768.jpg 768w, https:\/\/redbrickdesignshop.cz\/wp-content\/uploads\/2022\/08\/Miroslava-Szoradova-Klub-podnikatelek-Zlin.jpg 1365w\" sizes=\"(max-width: 706px) 89vw, (max-width: 767px) 82vw, 740px\" \/><\/figure><div class=\"wp-block-media-text__content\">\n<p class=\"has-vivid-red-color has-text-color has-medium-font-size\">R\u00e1di bychom V\u00e1s upozornili, \u017ee obchod ke konci roku 2025 ukon\u010duje svou \u010dinnost. Pros\u00edme tedy o p\u0159\u00edpadn\u00e9 vy\u010derp\u00e1n\u00ed d\u00e1rkov\u00fdch poukaz\u016f do 29.12.2025. <\/p>\n\n\n\n<p class=\"has-vivid-red-color has-text-color has-medium-font-size\">V p\u0159\u00edpad\u011b reklamac\u00ed n\u00e1s pros\u00edm kontaktujte na telefonn\u00edm \u010d\u00edsle 775105266<\/p>\n\n\n\n<p class=\"has-text-align-left\">Seznamte se s\u00a0<strong>Mirkou<\/strong>, zakladatelkou a majitelkou Red brick design shopu. <\/p>\n\n\n\n<p>Ze srdce miluje svou rodinu, psa Avalona, design a m\u00f3du.  <\/p>\n\n\n\n<p>Na obchod\u011b je to vid\u011bt, proto se do n\u011bj vyplat\u00ed p\u0159ijet i z&nbsp;daleka. Tak nev\u00e1hej a zastav se i ty!<\/p>\n\n\n\n<p><\/p>\n<\/div><\/div>\n\n\n\n<p class=\"has-text-align-left\">Aktu\u00e1ln\u011b v Red brick design shopu najdete n\u011bco okolo stovky design\u00e9r\u016f. Spolu s&nbsp;nimi v\u00e1m tak m\u016f\u017eeme nab\u00eddnout to nejlep\u0161\u00ed z&nbsp;\u010desk\u00fdch a slovensk\u00fdch designov\u00fdch luh\u016f a h\u00e1j\u016f na jednom m\u00edst\u011b!<\/p>\n\n\n\n<p class=\"has-text-align-left\">Z \u0161irok\u00e9 nab\u00eddky designov\u00fdch v\u00fdrobk\u016f se sna\u017e\u00edme vybrat to nejzaj\u00edmav\u011bj\u0161\u00ed. D\u00edky tomu u n\u00e1s m\u016f\u017eete naj\u00edt celou \u0161k\u00e1lu origin\u00e1ln\u00edch kousk\u016f od \u0161perk\u016f, p\u0159es kabelky, batohy, boty a\u017e po unik\u00e1tn\u00ed kousky oble\u010den\u00ed. Zkr\u00e1tka v\u0161e, co pot\u011b\u0161\u00ed milovn\u00edka kr\u00e1sn\u00fdch a kvalitn\u00edch v\u011bc\u00ed. <\/p>\n\n\n\n<ul class=\"wp-container-1 wp-block-social-links aligncenter has-huge-icon-size\"><li class=\"wp-social-link wp-social-link-facebook wp-block-social-link\"><a href=\"https:\/\/www.facebook.com\/redbrickdesignshop\"  class=\"wp-block-social-link-anchor\"><svg width=\"24\" height=\"24\" viewBox=\"0 0 24 24\" version=\"1.1\" xmlns=\"http:\/\/www.w3.org\/2000\/svg\" aria-hidden=\"true\" focusable=\"false\"><path d=\"M12 2C6.5 2 2 6.5 2 12c0 5 3.7 9.1 8.4 9.9v-7H7.9V12h2.5V9.8c0-2.5 1.5-3.9 3.8-3.9 1.1 0 2.2.2 2.2.2v2.5h-1.3c-1.2 0-1.6.8-1.6 1.6V12h2.8l-.4 2.9h-2.3v7C18.3 21.1 22 17 22 12c0-5.5-4.5-10-10-10z\"><\/path><\/svg><span class=\"wp-block-social-link-label screen-reader-text\">Facebook<\/span><\/a><\/li>\n\n<li class=\"wp-social-link wp-social-link-instagram wp-block-social-link\"><a href=\"https:\/\/www.instagram.com\/redbrickdesignshop\/?hl=cs\"  class=\"wp-block-social-link-anchor\"><svg width=\"24\" height=\"24\" viewBox=\"0 0 24 24\" version=\"1.1\" xmlns=\"http:\/\/www.w3.org\/2000\/svg\" aria-hidden=\"true\" focusable=\"false\"><path d=\"M12,4.622c2.403,0,2.688,0.009,3.637,0.052c0.877,0.04,1.354,0.187,1.671,0.31c0.42,0.163,0.72,0.358,1.035,0.673 c0.315,0.315,0.51,0.615,0.673,1.035c0.123,0.317,0.27,0.794,0.31,1.671c0.043,0.949,0.052,1.234,0.052,3.637 s-0.009,2.688-0.052,3.637c-0.04,0.877-0.187,1.354-0.31,1.671c-0.163,0.42-0.358,0.72-0.673,1.035 c-0.315,0.315-0.615,0.51-1.035,0.673c-0.317,0.123-0.794,0.27-1.671,0.31c-0.949,0.043-1.233,0.052-3.637,0.052 s-2.688-0.009-3.637-0.052c-0.877-0.04-1.354-0.187-1.671-0.31c-0.42-0.163-0.72-0.358-1.035-0.673 c-0.315-0.315-0.51-0.615-0.673-1.035c-0.123-0.317-0.27-0.794-0.31-1.671C4.631,14.688,4.622,14.403,4.622,12 s0.009-2.688,0.052-3.637c0.04-0.877,0.187-1.354,0.31-1.671c0.163-0.42,0.358-0.72,0.673-1.035 c0.315-0.315,0.615-0.51,1.035-0.673c0.317-0.123,0.794-0.27,1.671-0.31C9.312,4.631,9.597,4.622,12,4.622 M12,3 C9.556,3,9.249,3.01,8.289,3.054C7.331,3.098,6.677,3.25,6.105,3.472C5.513,3.702,5.011,4.01,4.511,4.511 c-0.5,0.5-0.808,1.002-1.038,1.594C3.25,6.677,3.098,7.331,3.054,8.289C3.01,9.249,3,9.556,3,12c0,2.444,0.01,2.751,0.054,3.711 c0.044,0.958,0.196,1.612,0.418,2.185c0.23,0.592,0.538,1.094,1.038,1.594c0.5,0.5,1.002,0.808,1.594,1.038 c0.572,0.222,1.227,0.375,2.185,0.418C9.249,20.99,9.556,21,12,21s2.751-0.01,3.711-0.054c0.958-0.044,1.612-0.196,2.185-0.418 c0.592-0.23,1.094-0.538,1.594-1.038c0.5-0.5,0.808-1.002,1.038-1.594c0.222-0.572,0.375-1.227,0.418-2.185 C20.99,14.751,21,14.444,21,12s-0.01-2.751-0.054-3.711c-0.044-0.958-0.196-1.612-0.418-2.185c-0.23-0.592-0.538-1.094-1.038-1.594 c-0.5-0.5-1.002-0.808-1.594-1.038c-0.572-0.222-1.227-0.375-2.185-0.418C14.751,3.01,14.444,3,12,3L12,3z M12,7.378 c-2.552,0-4.622,2.069-4.622,4.622S9.448,16.622,12,16.622s4.622-2.069,4.622-4.622S14.552,7.378,12,7.378z M12,15 c-1.657,0-3-1.343-3-3s1.343-3,3-3s3,1.343,3,3S13.657,15,12,15z M16.804,6.116c-0.596,0-1.08,0.484-1.08,1.08 s0.484,1.08,1.08,1.08c0.596,0,1.08-0.484,1.08-1.08S17.401,6.116,16.804,6.116z\"><\/path><\/svg><span class=\"wp-block-social-link-label screen-reader-text\">Instagram<\/span><\/a><\/li><\/ul>\n\n\n\n<p>Krom\u011b Mirky se v&nbsp;obchod\u011b m\u016f\u017eete potkat je\u0161t\u011b s&nbsp;Annou a Nat\u00e1li\u00ed.<\/p>\n\n\n\n<div class=\"wp-container-4 wp-block-columns\">\n<div class=\"wp-container-2 wp-block-column\">\n<figure class=\"wp-block-image size-full is-resized\"><img loading=\"lazy\" src=\"https:\/\/redbrickdesignshop.cz\/wp-content\/uploads\/2023\/03\/red-brick-design-shop-zlin-anna.png\" alt=\"\" class=\"wp-image-170\" width=\"321\" height=\"321\" srcset=\"https:\/\/redbrickdesignshop.cz\/wp-content\/uploads\/2023\/03\/red-brick-design-shop-zlin-anna.png 800w, https:\/\/redbrickdesignshop.cz\/wp-content\/uploads\/2023\/03\/red-brick-design-shop-zlin-anna-300x300.png 300w, https:\/\/redbrickdesignshop.cz\/wp-content\/uploads\/2023\/03\/red-brick-design-shop-zlin-anna-150x150.png 150w, https:\/\/redbrickdesignshop.cz\/wp-content\/uploads\/2023\/03\/red-brick-design-shop-zlin-anna-768x768.png 768w, https:\/\/redbrickdesignshop.cz\/wp-content\/uploads\/2023\/03\/red-brick-design-shop-zlin-anna-100x100.png 100w\" sizes=\"(max-width: 321px) 100vw, 321px\" \/><\/figure>\n\n\n\n<p>Tohle je <strong>Anna.<\/strong> M\u00e1 r\u00e1da slow fashion, Finsko, um\u011bn\u00ed a kulturu, proto taky studuje Arts Management. Design si d\u00e1v\u00e1 r\u00e1no k&nbsp;sn\u00eddani. Poj\u010f si d\u00e1t taky, vid\u00edme se v&nbsp;Red bricku!<\/p>\n<\/div>\n\n\n\n<div class=\"wp-container-3 wp-block-column\">\n<figure class=\"wp-block-image size-full\"><img loading=\"lazy\" width=\"800\" height=\"800\" src=\"https:\/\/redbrickdesignshop.cz\/wp-content\/uploads\/2023\/05\/Naty-foto-2-orez-mensi.png\" alt=\"\" class=\"wp-image-233\" srcset=\"https:\/\/redbrickdesignshop.cz\/wp-content\/uploads\/2023\/05\/Naty-foto-2-orez-mensi.png 800w, https:\/\/redbrickdesignshop.cz\/wp-content\/uploads\/2023\/05\/Naty-foto-2-orez-mensi-300x300.png 300w, https:\/\/redbrickdesignshop.cz\/wp-content\/uploads\/2023\/05\/Naty-foto-2-orez-mensi-150x150.png 150w, https:\/\/redbrickdesignshop.cz\/wp-content\/uploads\/2023\/05\/Naty-foto-2-orez-mensi-768x768.png 768w, https:\/\/redbrickdesignshop.cz\/wp-content\/uploads\/2023\/05\/Naty-foto-2-orez-mensi-100x100.png 100w\" sizes=\"(max-width: 706px) 89vw, (max-width: 767px) 82vw, 740px\" \/><\/figure>\n\n\n\n<p>Tohle je <strong>Naty.<\/strong> Red brick je pro ni u\u017e n\u011bkolik let srdcov\u00e1 z\u00e1le\u017eitost. Studuje v&nbsp;t\u00e9to cihlov\u00e9 d\u017eungli marketingovou komunikaci. T\u011b\u0161\u00ed se na tebe v&nbsp;Red bricku!<\/p>\n<\/div>\n<\/div>\n\n\n\n<h1 class=\"has-text-align-center\">Nab\u00edz\u00edme:<\/h1>\n\n\n\n<div class=\"wp-container-8 wp-block-columns\">\n<div class=\"wp-container-5 wp-block-column\">\n<figure class=\"wp-block-image size-full\"><img loading=\"lazy\" width=\"315\" height=\"315\" src=\"https:\/\/redbrickdesignshop.cz\/wp-content\/uploads\/2023\/05\/foceni.jpg\" alt=\"\" class=\"wp-image-235\" srcset=\"https:\/\/redbrickdesignshop.cz\/wp-content\/uploads\/2023\/05\/foceni.jpg 315w, https:\/\/redbrickdesignshop.cz\/wp-content\/uploads\/2023\/05\/foceni-300x300.jpg 300w, https:\/\/redbrickdesignshop.cz\/wp-content\/uploads\/2023\/05\/foceni-150x150.jpg 150w, https:\/\/redbrickdesignshop.cz\/wp-content\/uploads\/2023\/05\/foceni-100x100.jpg 100w\" sizes=\"(max-width: 315px) 100vw, 315px\" \/><\/figure>\n<\/div>\n\n\n\n<div class=\"wp-container-6 wp-block-column\">\n<figure class=\"wp-block-image size-large is-resized\"><img loading=\"lazy\" src=\"https:\/\/redbrickdesignshop.cz\/wp-content\/uploads\/2023\/03\/foto-web-4-1-842x1024.jpg\" alt=\"\" class=\"wp-image-213\" width=\"256\" height=\"311\" srcset=\"https:\/\/redbrickdesignshop.cz\/wp-content\/uploads\/2023\/03\/foto-web-4-1-842x1024.jpg 842w, https:\/\/redbrickdesignshop.cz\/wp-content\/uploads\/2023\/03\/foto-web-4-1-247x300.jpg 247w, https:\/\/redbrickdesignshop.cz\/wp-content\/uploads\/2023\/03\/foto-web-4-1-768x934.jpg 768w, https:\/\/redbrickdesignshop.cz\/wp-content\/uploads\/2023\/03\/foto-web-4-1.jpg 1125w\" sizes=\"(max-width: 256px) 100vw, 256px\" \/><\/figure>\n<\/div>\n\n\n\n<div class=\"wp-container-7 wp-block-column\">\n<figure class=\"wp-block-image size-large is-resized\"><img loading=\"lazy\" src=\"https:\/\/redbrickdesignshop.cz\/wp-content\/uploads\/2022\/08\/rbds4-768x1024.jpg\" alt=\"\" class=\"wp-image-24\" width=\"235\" height=\"312\" srcset=\"https:\/\/redbrickdesignshop.cz\/wp-content\/uploads\/2022\/08\/rbds4-768x1024.jpg 768w, https:\/\/redbrickdesignshop.cz\/wp-content\/uploads\/2022\/08\/rbds4-225x300.jpg 225w, https:\/\/redbrickdesignshop.cz\/wp-content\/uploads\/2022\/08\/rbds4-1152x1536.jpg 1152w, https:\/\/redbrickdesignshop.cz\/wp-content\/uploads\/2022\/08\/rbds4-960x1280.jpg 960w, https:\/\/redbrickdesignshop.cz\/wp-content\/uploads\/2022\/08\/rbds4.jpg 1536w\" sizes=\"(max-width: 235px) 100vw, 235px\" \/><\/figure>\n<\/div>\n<\/div>\n\n\n\n<div class=\"wp-container-12 wp-block-columns\">\n<div class=\"wp-container-9 wp-block-column\">\n<h5 class=\"has-text-align-center\">autorsk\u00e9 designov\u00e9 oble\u010den\u00ed z \u010cR<\/h5>\n<\/div>\n\n\n\n<div class=\"wp-container-10 wp-block-column\">\n<h5 class=\"has-text-align-center\">ru\u010dn\u011b vyroben\u00e9 designov\u00e9 dopl\u0148ky<\/h5>\n<\/div>\n\n\n\n<div class=\"wp-container-11 wp-block-column\">\n<h5 class=\"has-text-align-center\">jedine\u010dn\u00e9 a origin\u00e1ln\u00ed \u0161perky<\/h5>\n<\/div>\n<\/div>\n","protected":false},"excerpt":{"rendered":"<p>R\u00e1di bychom V\u00e1s upozornili, \u017ee obchod ke konci roku 2025 ukon\u010duje svou \u010dinnost. Pros\u00edme tedy o p\u0159\u00edpadn\u00e9 vy\u010derp\u00e1n\u00ed d\u00e1rkov\u00fdch poukaz\u016f do 29.12.2025. V p\u0159\u00edpad\u011b reklamac\u00ed n\u00e1s pros\u00edm kontaktujte na telefonn\u00edm \u010d\u00edsle 775105266 Seznamte se s\u00a0Mirkou, zakladatelkou a majitelkou Red brick design shopu. Ze srdce miluje svou rodinu, psa Avalona, design a m\u00f3du. Na obchod\u011b je &hellip; <\/p>\n<p class=\"link-more\"><a href=\"https:\/\/redbrickdesignshop.cz\/\" class=\"more-link\">Pokra\u010dovat ve \u010dten\u00ed<span class=\"screen-reader-text\"> &#8222;V\u00edtejte u n\u00e1s!&#8220;<\/span><\/a><\/p>\n","protected":false},"author":1,"featured_media":0,"parent":0,"menu_order":0,"comment_status":"closed","ping_status":"closed","template":"","meta":[],"_links":{"self":[{"href":"https:\/\/redbrickdesignshop.cz\/index.php\/wp-json\/wp\/v2\/pages\/129"}],"collection":[{"href":"https:\/\/redbrickdesignshop.cz\/index.php\/wp-json\/wp\/v2\/pages"}],"about":[{"href":"https:\/\/redbrickdesignshop.cz\/index.php\/wp-json\/wp\/v2\/types\/page"}],"author":[{"embeddable":true,"href":"https:\/\/redbrickdesignshop.cz\/index.php\/wp-json\/wp\/v2\/users\/1"}],"replies":[{"embeddable":true,"href":"https:\/\/redbrickdesignshop.cz\/index.php\/wp-json\/wp\/v2\/comments?post=129"}],"version-history":[{"count":31,"href":"https:\/\/redbrickdesignshop.cz\/index.php\/wp-json\/wp\/v2\/pages\/129\/revisions"}],"predecessor-version":[{"id":274,"href":"https:\/\/redbrickdesignshop.cz\/index.php\/wp-json\/wp\/v2\/pages\/129\/revisions\/274"}],"wp:attachment":[{"href":"https:\/\/redbrickdesignshop.cz\/index.php\/wp-json\/wp\/v2\/media?parent=129"}],"curies":[{"name":"wp","href":"https:\/\/api.w.org\/{rel}","templated":true}]}}